{"id":3879,"date":"2019-12-17T15:21:04","date_gmt":"2019-12-17T15:21:04","guid":{"rendered":"https:\/\/www.jovagro.pt\/\/\/wordpress\/?page_id=3879"},"modified":"2023-08-30T13:07:18","modified_gmt":"2023-08-30T13:07:18","slug":"contactos","status":"publish","type":"page","link":"https:\/\/mail.manonunes.pt\/en\/contactos\/","title":{"rendered":"Contacts"},"content":{"rendered":"<style type=\"text\/css\"> \n#cmsms_row_69e3bca996f71 .cmsms_row_outer_parent { \n\tpadding-top: 0px; \n} \n\n#cmsms_row_69e3bca996f71 .cmsms_row_outer_parent { \n\tpadding-bottom: 50px; \n} \n\n#cmsms_row_69e3bca996f71 .cmsms_row_inner.cmsms_row_fullwidth { \n\tpadding-left:0%; \n} \n#cmsms_row_69e3bca996f71 .cmsms_row_inner.cmsms_row_fullwidth { \n\tpadding-right:0%; \n} \n.mapouter{position:relative;text-align:right;height:670px;width:100%;}.gmap_canvas {overflow:hidden;background:none!important;height:670px;width:100%;} \n#cmsms_row_69e3bca99718a .cmsms_row_outer_parent { \n\tpadding-top: 0px; \n} \n\n#cmsms_row_69e3bca99718a .cmsms_row_outer_parent { \n\tpadding-bottom: 10px; \n} \n\n \n#cmsms_heading_69e3bca99727b, #cmsms_heading_69e3bca99727b a { \n\tfont-family:'Titillium Web'; \n\tfont-weight:300; \n\tfont-style:normal; \n\tmargin-top:0px; \n\tmargin-bottom:20px; \n} \n \n#cmsms_heading_69e3bca99aadd, #cmsms_heading_69e3bca99aadd a { \n\tfont-family:'Titillium Web'; \n\tfont-weight:300; \n\tfont-style:normal; \n\tmargin-top:0px; \n\tmargin-bottom:20px; \n} \n<\/style><div id=\"cmsms_row_69e3bca996f71\" class=\"cmsms_row cmsms_color_scheme_default\">\n<div class=\"cmsms_row_outer_parent\">\n<div class=\"cmsms_row_outer\">\n<div class=\"cmsms_row_inner cmsms_row_fullwidth\">\n<div class=\"cmsms_row_margin\">\n<div class=\"cmsms_column one_first\">\n<div class=\"custom_html\">\n<div class=\"mapouter\">\n<div class=\"gmap_canvas\"><iframe loading=\"lazy\" id=\"gmap_canvas\" src=\"https:\/\/maps.google.com\/maps?q=jovagro&amp;t=&amp;z=15&amp;ie=UTF8&amp;iwloc=&amp;output=embed\" width=\"100%\" height=\"670\" frameborder=\"0\" marginwidth=\"0\" marginheight=\"0\" scrolling=\"no\"><\/iframe><\/div>\n\n<\/div>\n<\/div>\n<\/div>\n<\/div>\n<\/div>\n<\/div>\n<\/div>\n<\/div>\n<div id=\"cmsms_row_69e3bca99706e\" class=\"cmsms_row cmsms_color_scheme_default\">\n<div class=\"cmsms_row_outer_parent\">\n<div class=\"cmsms_row_outer\">\n<div class=\"cmsms_row_inner\">\n<div class=\"cmsms_row_margin\">\n<div class=\"cmsms_column one_first\">\n<div class=\"cmsms_text\">\n<p>&nbsp;<\/p>\n<\/div>\n<\/div>\n<\/div>\n<\/div>\n<\/div>\n<\/div>\n<\/div>\n<div id=\"cmsms_row_69e3bca99718a\" class=\"cmsms_row cmsms_color_scheme_default\">\n<div class=\"cmsms_row_outer_parent\">\n<div class=\"cmsms_row_outer\">\n<div class=\"cmsms_row_inner\">\n<div class=\"cmsms_row_margin\">\n<div class=\"cmsms_column two_third\">\n<h3 id=\"cmsms_heading_69e3bca99727b\" class=\"cmsms_heading\">Contact form<\/h3>\n<div class=\"cmsms_contact_form\">\n<div class=\"wpcf7 no-js\" id=\"wpcf7-f4072-o1\" lang=\"pt-PT\" dir=\"ltr\" data-wpcf7-id=\"4072\">\n<div class=\"screen-reader-response\"><p role=\"status\" aria-live=\"polite\" aria-atomic=\"true\"><\/p> <ul><\/ul><\/div>\n<form action=\"\/en\/wp-json\/wp\/v2\/pages\/3879#wpcf7-f4072-o1\" method=\"post\" class=\"wpcf7-form init\" aria-label=\"Contact form\" novalidate=\"novalidate\" data-status=\"init\" data-trp-original-action=\"\/en\/wp-json\/wp\/v2\/pages\/3879#wpcf7-f4072-o1\">\n<fieldset class=\"hidden-fields-container\"><input type=\"hidden\" name=\"_wpcf7\" value=\"4072\" \/><input type=\"hidden\" name=\"_wpcf7_version\" value=\"6.1.5\" \/><input type=\"hidden\" name=\"_wpcf7_locale\" value=\"pt_PT\" \/><input type=\"hidden\" name=\"_wpcf7_unit_tag\" value=\"wpcf7-f4072-o1\" \/><input type=\"hidden\" name=\"_wpcf7_container_post\" value=\"0\" \/><input type=\"hidden\" name=\"_wpcf7_posted_data_hash\" value=\"\" \/><input type=\"hidden\" name=\"_wpcf7_recaptcha_response\" value=\"\" \/>\n<\/fieldset>\n<div class=\"cmsms_column one_half\">\n\t<p><label> Name*<br \/>\n<span class=\"wpcf7-form-control-wrap\" data-name=\"your-name\"><input size=\"40\" maxlength=\"400\" class=\"wpcf7-form-control wpcf7-text wpcf7-validates-as-required\" aria-required=\"true\" aria-invalid=\"false\" value=\"\" type=\"text\" name=\"your-name\" \/><\/span> <\/label>\n\t<\/p>\n<\/div>\n<div class=\"cmsms_column one_half last_column\">\n\t<p><br \/>\n<label> E-mail *<br \/>\n<span class=\"wpcf7-form-control-wrap\" data-name=\"your-email\"><input size=\"40\" maxlength=\"400\" class=\"wpcf7-form-control wpcf7-email wpcf7-validates-as-required wpcf7-text wpcf7-validates-as-email\" aria-required=\"true\" aria-invalid=\"false\" value=\"\" type=\"email\" name=\"your-email\" \/><\/span> <\/label>\n\t<\/p>\n<\/div>\n<div class=\"cmsms_column one_first\">\n\t<p><label> Telephone<br \/>\n<span class=\"wpcf7-form-control-wrap\" data-name=\"tel\"><input size=\"40\" maxlength=\"400\" class=\"wpcf7-form-control wpcf7-tel wpcf7-text wpcf7-validates-as-tel\" aria-invalid=\"false\" value=\"\" type=\"tel\" name=\"tel\" \/><\/span> <\/label>\n\t<\/p>\n\t<p><label> Distrito*<br \/>\n<span class=\"wpcf7-form-control-wrap\" data-name=\"menu-961\"><select class=\"wpcf7-form-control wpcf7-select wpcf7-validates-as-required\" aria-required=\"true\" aria-invalid=\"false\" name=\"menu-961\"><option value=\"\">&#8212;Por favor escolha uma op\u00e7\u00e3o&#8212;<\/option><option value=\"Aveiro\">Aveiro<\/option><option value=\"Beja\">Beja<\/option><option value=\"Bragan\u00e7a\">Bragan\u00e7a<\/option><option value=\"Castelo Branco\">Castelo Branco<\/option><option value=\"Coimbra\">Coimbra<\/option><option value=\"\u00c9vora\">\u00c9vora<\/option><option value=\"Faro\">Faro<\/option><option value=\"Guarda\">Guarda<\/option><option value=\"Leiria\">Leiria<\/option><option value=\"Lisboa\">Lisboa<\/option><option value=\"Portalegre\">Portalegre<\/option><option value=\"Porto\">Porto<\/option><option value=\"Regi\u00e3o Aut\u00f3noma da Madeira\">Regi\u00e3o Aut\u00f3noma da Madeira<\/option><option value=\"Regi\u00e3o Aut\u00f3noma dos A\u00e7ores\">Regi\u00e3o Aut\u00f3noma dos A\u00e7ores<\/option><option value=\"Santar\u00e9m\">Santar\u00e9m<\/option><option value=\"Set\u00fabal\">Set\u00fabal<\/option><option value=\"Viana do Castelo\">Viana do Castelo<\/option><option value=\"Vila Real\">Vila Real<\/option><option value=\"Viseu\">Viseu<\/option><\/select><\/span><\/label>\n\t<\/p>\n\t<p><label> Subject*<br \/>\n<span class=\"wpcf7-form-control-wrap\" data-name=\"your-subject\"><input size=\"40\" maxlength=\"400\" class=\"wpcf7-form-control wpcf7-text\" aria-invalid=\"false\" value=\"\" type=\"text\" name=\"your-subject\" \/><\/span> <\/label>\n\t<\/p>\n\t<p><label> Message*<br \/>\n<span class=\"wpcf7-form-control-wrap\" data-name=\"your-message\"><textarea cols=\"40\" rows=\"10\" maxlength=\"2000\" class=\"wpcf7-form-control wpcf7-textarea wpcf7-validates-as-required\" aria-required=\"true\" aria-invalid=\"false\" name=\"your-message\"><\/textarea><\/span> <\/label>\n\t<\/p>\n\t<p><input class=\"wpcf7-form-control wpcf7-submit has-spinner\" type=\"submit\" value=\"Send\" \/>\n\t<\/p>\n<\/div><div class=\"wpcf7-response-output\" aria-hidden=\"true\"><\/div>\n<input type=\"hidden\" name=\"trp-form-language\" value=\"en\"\/><\/form>\n<\/div>\n<\/div>\n<\/div>\n<div class=\"cmsms_column one_third\">\n<h3 id=\"cmsms_heading_69e3bca99aadd\" class=\"cmsms_heading\">JOVAGRO \u2013 Produtos Agr\u00edcolas, S.A.<\/h3><div class=\"cmsms_text\">\n<p>Zona Industrial de Taboeira<br \/>\nApartado 3132 EC<br \/>\n3801-101 Aveiro<\/p>\n<p><strong>Telephone<\/strong>: Chamada para a rede fixa nacional (+351) 234 343 300\/1<\/p>\n<p><strong>E-mail<\/strong>:\u00a0<a href=\"mailto:geral@jovagro.pt\">comercial@jovagro.pt<\/a><\/p>\n<p class=\"translation-block\"><strong>GPS coordinates:<\/strong>:<br>\n<small>Latitude: 40.649412<br>\nLongitude: \u2013 8.602717<\/small><\/p>\n<\/div>\n<\/div>\n<\/div>\n<\/div>\n<\/div>\n<\/div>\n<\/div>","protected":false},"excerpt":{"rendered":"<style type=\"text\/css\"> \n#cmsms_row_69e3bca99ba9e .cmsms_row_outer_parent { \n\tpadding-top: 0px; \n} <\/p>\n<p>#cmsms_row_69e3bca99ba9e .cmsms_row_outer_parent { \n\tpadding-bottom: 50px; \n} <\/p>\n<p>#cmsms_row_69e3bca99ba9e .cmsms_row_inner.cmsms_row_fullwidth { \n\tpadding-left:0%; \n} \n#cmsms_row_69e3bca99ba9e .cmsms_row_inner.cmsms_row_fullwidth { \n\tpadding-right:0%; \n} \n<\/style>\n<div id=\"cmsms_row_69e3bca99ba9e\" class=\"cmsms_row cmsms_color_scheme_default\">\n<div class=\"cmsms_row_outer_parent\">\n<div class=\"cmsms_row_outer\">\n<div class=\"cmsms_row_inner cmsms_row_fullwidth\">\n<div class=\"cmsms_row_margin\">\n<\/div>\n<\/div>\n<\/div>\n<\/div>\n<\/div>\n<div class=\"cmsms_column one_first\">\n<\/div>\n<p><\/p>","protected":false},"author":1,"featured_media":0,"parent":0,"menu_order":0,"comment_status":"closed","ping_status":"closed","template":"","meta":{"_monsterinsights_skip_tracking":false,"_monsterinsights_sitenote_active":false,"_monsterinsights_sitenote_note":"","_monsterinsights_sitenote_category":0,"footnotes":""},"class_list":["post-3879","page","type-page","status-publish","hentry"],"yoast_head":"<!-- This site is optimized with the Yoast SEO plugin v27.4 - https:\/\/yoast.com\/product\/yoast-seo-wordpress\/ -->\n<title>Contactos - Jovagro<\/title>\n<meta name=\"robots\" content=\"index, follow, max-snippet:-1, max-image-preview:large, max-video-preview:-1\" \/>\n<link rel=\"canonical\" href=\"https:\/\/mail.manonunes.pt\/en\/contactos\/\" \/>\n<meta property=\"og:locale\" content=\"en_GB\" \/>\n<meta property=\"og:type\" content=\"article\" \/>\n<meta property=\"og:title\" content=\"Contactos - Jovagro\" \/>\n<meta property=\"og:url\" content=\"https:\/\/mail.manonunes.pt\/en\/contactos\/\" \/>\n<meta property=\"og:site_name\" content=\"Jovagro\" \/>\n<meta property=\"article:publisher\" content=\"https:\/\/www.facebook.com\/Jovagro\/\" \/>\n<meta property=\"article:modified_time\" content=\"2023-08-30T13:07:18+00:00\" \/>\n<meta name=\"twitter:card\" content=\"summary_large_image\" \/>\n<meta name=\"twitter:label1\" content=\"Estimated reading time\" \/>\n\t<meta name=\"twitter:data1\" content=\"1 minute\" \/>\n<script type=\"application\/ld+json\" class=\"yoast-schema-graph\">{\"@context\":\"https:\\\/\\\/schema.org\",\"@graph\":[{\"@type\":\"WebPage\",\"@id\":\"https:\\\/\\\/mail.manonunes.pt\\\/en\\\/contactos\\\/\",\"url\":\"https:\\\/\\\/mail.manonunes.pt\\\/en\\\/contactos\\\/\",\"name\":\"Contactos - Jovagro\",\"isPartOf\":{\"@id\":\"https:\\\/\\\/www.jovagro.pt\\\/#website\"},\"datePublished\":\"2019-12-17T15:21:04+00:00\",\"dateModified\":\"2023-08-30T13:07:18+00:00\",\"breadcrumb\":{\"@id\":\"https:\\\/\\\/mail.manonunes.pt\\\/en\\\/contactos\\\/#breadcrumb\"},\"inLanguage\":\"en-GB\",\"potentialAction\":[{\"@type\":\"ReadAction\",\"target\":[\"https:\\\/\\\/mail.manonunes.pt\\\/en\\\/contactos\\\/\"]}]},{\"@type\":\"BreadcrumbList\",\"@id\":\"https:\\\/\\\/mail.manonunes.pt\\\/en\\\/contactos\\\/#breadcrumb\",\"itemListElement\":[{\"@type\":\"ListItem\",\"position\":1,\"name\":\"Home\",\"item\":\"https:\\\/\\\/www.jovagro.pt\\\/\"},{\"@type\":\"ListItem\",\"position\":2,\"name\":\"Contactos\"}]},{\"@type\":\"WebSite\",\"@id\":\"https:\\\/\\\/www.jovagro.pt\\\/#website\",\"url\":\"https:\\\/\\\/www.jovagro.pt\\\/\",\"name\":\"Jovagro\",\"description\":\"Sempre com a Natureza\",\"publisher\":{\"@id\":\"https:\\\/\\\/www.jovagro.pt\\\/#organization\"},\"potentialAction\":[{\"@type\":\"SearchAction\",\"target\":{\"@type\":\"EntryPoint\",\"urlTemplate\":\"https:\\\/\\\/www.jovagro.pt\\\/?s={search_term_string}\"},\"query-input\":{\"@type\":\"PropertyValueSpecification\",\"valueRequired\":true,\"valueName\":\"search_term_string\"}}],\"inLanguage\":\"en-GB\"},{\"@type\":\"Organization\",\"@id\":\"https:\\\/\\\/www.jovagro.pt\\\/#organization\",\"name\":\"Jovagro\",\"url\":\"https:\\\/\\\/www.jovagro.pt\\\/\",\"logo\":{\"@type\":\"ImageObject\",\"inLanguage\":\"en-GB\",\"@id\":\"https:\\\/\\\/www.jovagro.pt\\\/#\\\/schema\\\/logo\\\/image\\\/\",\"url\":\"https:\\\/\\\/jovagro.pt\\\/wp-content\\\/uploads\\\/2019\\\/12\\\/7-01-01-scaled.jpg\",\"contentUrl\":\"https:\\\/\\\/jovagro.pt\\\/wp-content\\\/uploads\\\/2019\\\/12\\\/7-01-01-scaled.jpg\",\"width\":2560,\"height\":893,\"caption\":\"Jovagro\"},\"image\":{\"@id\":\"https:\\\/\\\/www.jovagro.pt\\\/#\\\/schema\\\/logo\\\/image\\\/\"},\"sameAs\":[\"https:\\\/\\\/www.facebook.com\\\/Jovagro\\\/\"]}]}<\/script>\n<!-- \/ Yoast SEO plugin. -->","yoast_head_json":{"title":"Contactos - Jovagro","robots":{"index":"index","follow":"follow","max-snippet":"max-snippet:-1","max-image-preview":"max-image-preview:large","max-video-preview":"max-video-preview:-1"},"canonical":"https:\/\/mail.manonunes.pt\/en\/contactos\/","og_locale":"en_GB","og_type":"article","og_title":"Contactos - Jovagro","og_url":"https:\/\/mail.manonunes.pt\/en\/contactos\/","og_site_name":"Jovagro","article_publisher":"https:\/\/www.facebook.com\/Jovagro\/","article_modified_time":"2023-08-30T13:07:18+00:00","twitter_card":"summary_large_image","twitter_misc":{"Estimated reading time":"1 minute"},"schema":{"@context":"https:\/\/schema.org","@graph":[{"@type":"WebPage","@id":"https:\/\/mail.manonunes.pt\/en\/contactos\/","url":"https:\/\/mail.manonunes.pt\/en\/contactos\/","name":"Contactos - Jovagro","isPartOf":{"@id":"https:\/\/www.jovagro.pt\/#website"},"datePublished":"2019-12-17T15:21:04+00:00","dateModified":"2023-08-30T13:07:18+00:00","breadcrumb":{"@id":"https:\/\/mail.manonunes.pt\/en\/contactos\/#breadcrumb"},"inLanguage":"en-GB","potentialAction":[{"@type":"ReadAction","target":["https:\/\/mail.manonunes.pt\/en\/contactos\/"]}]},{"@type":"BreadcrumbList","@id":"https:\/\/mail.manonunes.pt\/en\/contactos\/#breadcrumb","itemListElement":[{"@type":"ListItem","position":1,"name":"Home","item":"https:\/\/www.jovagro.pt\/"},{"@type":"ListItem","position":2,"name":"Contactos"}]},{"@type":"WebSite","@id":"https:\/\/www.jovagro.pt\/#website","url":"https:\/\/www.jovagro.pt\/","name":"Jovagro","description":"Sempre com a Natureza","publisher":{"@id":"https:\/\/www.jovagro.pt\/#organization"},"potentialAction":[{"@type":"SearchAction","target":{"@type":"EntryPoint","urlTemplate":"https:\/\/www.jovagro.pt\/?s={search_term_string}"},"query-input":{"@type":"PropertyValueSpecification","valueRequired":true,"valueName":"search_term_string"}}],"inLanguage":"en-GB"},{"@type":"Organization","@id":"https:\/\/www.jovagro.pt\/#organization","name":"Jovagro","url":"https:\/\/www.jovagro.pt\/","logo":{"@type":"ImageObject","inLanguage":"en-GB","@id":"https:\/\/www.jovagro.pt\/#\/schema\/logo\/image\/","url":"https:\/\/jovagro.pt\/wp-content\/uploads\/2019\/12\/7-01-01-scaled.jpg","contentUrl":"https:\/\/jovagro.pt\/wp-content\/uploads\/2019\/12\/7-01-01-scaled.jpg","width":2560,"height":893,"caption":"Jovagro"},"image":{"@id":"https:\/\/www.jovagro.pt\/#\/schema\/logo\/image\/"},"sameAs":["https:\/\/www.facebook.com\/Jovagro\/"]}]}},"_links":{"self":[{"href":"https:\/\/mail.manonunes.pt\/en\/wp-json\/wp\/v2\/pages\/3879","targetHints":{"allow":["GET"]}}],"collection":[{"href":"https:\/\/mail.manonunes.pt\/en\/wp-json\/wp\/v2\/pages"}],"about":[{"href":"https:\/\/mail.manonunes.pt\/en\/wp-json\/wp\/v2\/types\/page"}],"author":[{"embeddable":true,"href":"https:\/\/mail.manonunes.pt\/en\/wp-json\/wp\/v2\/users\/1"}],"replies":[{"embeddable":true,"href":"https:\/\/mail.manonunes.pt\/en\/wp-json\/wp\/v2\/comments?post=3879"}],"version-history":[{"count":29,"href":"https:\/\/mail.manonunes.pt\/en\/wp-json\/wp\/v2\/pages\/3879\/revisions"}],"predecessor-version":[{"id":37517,"href":"https:\/\/mail.manonunes.pt\/en\/wp-json\/wp\/v2\/pages\/3879\/revisions\/37517"}],"wp:attachment":[{"href":"https:\/\/mail.manonunes.pt\/en\/wp-json\/wp\/v2\/media?parent=3879"}],"curies":[{"name":"wp","href":"https:\/\/api.w.org\/{rel}","templated":true}]}}