{"id":3920,"date":"2019-12-22T18:15:59","date_gmt":"2019-12-22T18:15:59","guid":{"rendered":"https:\/\/www.jovagro.pt\/\/\/wordpress\/?page_id=3920"},"modified":"2025-05-16T09:17:44","modified_gmt":"2025-05-16T09:17:44","slug":"quem-somos","status":"publish","type":"page","link":"https:\/\/mail.manonunes.pt\/en\/quem-somos\/","title":{"rendered":"About us"},"content":{"rendered":"<style type=\"text\/css\"> \n#cmsms_row_69e3bcb2e3204 .cmsms_row_outer_parent { \n\tpadding-top: 50px; \n} \n\n#cmsms_row_69e3bcb2e3204 .cmsms_row_outer_parent { \n\tpadding-bottom: 50px; \n} \n\n#cmsms_row_69e3bcb2e3204 .cmsms_row_inner.cmsms_row_fullwidth { \n\tpadding-left:0%; \n} \n#cmsms_row_69e3bcb2e3204 .cmsms_row_inner.cmsms_row_fullwidth { \n\tpadding-right:0%; \n} \n \n#cmsms_row_69e3bcb353c40 .cmsms_row_outer_parent { \n\tpadding-top: 50px; \n} \n\n#cmsms_row_69e3bcb353c40 .cmsms_row_outer_parent { \n\tpadding-bottom: 50px; \n} \n\n \n#cmsms_heading_69e3bcb35662f, #cmsms_heading_69e3bcb35662f a { \n\tfont-family:'Titillium Web'; \n\tfont-weight:400; \n\tfont-style:normal; \n\tmargin-top:0px; \n\tmargin-bottom:20px; \n} \n \n#cmsms_row_69e3bcb3566a7 .cmsms_row_outer_parent { \n\tpadding-top: 0px; \n} \n\n#cmsms_row_69e3bcb3566a7 .cmsms_row_outer_parent { \n\tpadding-bottom: 50px; \n} \n\n<\/style><div id=\"cmsms_row_69e3bcb2e3204\" class=\"cmsms_row cmsms_color_scheme_default\">\n<div class=\"cmsms_row_outer_parent\">\n<div class=\"cmsms_row_outer\">\n<div class=\"cmsms_row_inner cmsms_row_fullwidth\">\n<div class=\"cmsms_row_margin\">\n<div class=\"cmsms_column one_first\">\n<div class=\"cmsms_slider\"><script type=\"text\/javascript\">jQuery(function() { _initLayerSlider( '#layerslider_6_qaewxc5ezb5j', {sliderVersion: '6.10.0', responsiveUnder: 0, layersContainer: 0, allowFullscreen: true, slideBGSize: 'auto', skin: 'v5', sliderFadeInDuration: 350, useSrcset: true, skinsPath: 'https:\/\/mail.manonunes.pt\/wp-content\/plugins\/LayerSlider\/assets\/static\/layerslider\/skins\/', performanceMode: true}); });<\/script><link href=\"https:\/\/fonts.googleapis.com\/css?family=Montserrat:100,100i,200,200i,300,300i,400,400i,500,500i,600,600i,700,700i,800,800i,900,900i\" rel=\"stylesheet\"><div id=\"layerslider_6_qaewxc5ezb5j\" class=\"ls-wp-container fitvidsignore\" style=\"width:1920px;height:450px;margin:0 auto;margin-bottom: 0px;\"><div class=\"ls-slide\" data-ls=\"bgsize:cover;duration:6000;kenburnsscale:1.2;\"><img loading=\"lazy\" decoding=\"async\" width=\"2560\" height=\"893\" src=\"https:\/\/mail.manonunes.pt\/wp-content\/uploads\/2019\/12\/1-01-scaled.jpg\" class=\"ls-l ls-img-layer\" alt=\"\" srcset=\"https:\/\/mail.manonunes.pt\/wp-content\/uploads\/2019\/12\/1-01-scaled.jpg 2560w, https:\/\/mail.manonunes.pt\/wp-content\/uploads\/2019\/12\/1-01-scaled-600x209.jpg 600w, https:\/\/mail.manonunes.pt\/wp-content\/uploads\/2019\/12\/1-01-300x105.jpg 300w, https:\/\/mail.manonunes.pt\/wp-content\/uploads\/2019\/12\/1-01-1024x357.jpg 1024w, https:\/\/mail.manonunes.pt\/wp-content\/uploads\/2019\/12\/1-01-768x268.jpg 768w, https:\/\/mail.manonunes.pt\/wp-content\/uploads\/2019\/12\/1-01-1536x536.jpg 1536w, https:\/\/mail.manonunes.pt\/wp-content\/uploads\/2019\/12\/1-01-2048x715.jpg 2048w, https:\/\/mail.manonunes.pt\/wp-content\/uploads\/2019\/12\/1-01-580x202.jpg 580w, https:\/\/mail.manonunes.pt\/wp-content\/uploads\/2019\/12\/1-01-820x286.jpg 820w, https:\/\/mail.manonunes.pt\/wp-content\/uploads\/2019\/12\/1-01-1160x405.jpg 1160w\" sizes=\"auto, (max-width: 2560px) 100vw, 2560px\" style=\"top:50%;left:50%;background-size:inherit;background-position:inherit;width:1917px;height:669px;\" data-ls=\"position:relative;\"><img loading=\"lazy\" decoding=\"async\" width=\"2560\" height=\"893\" src=\"https:\/\/mail.manonunes.pt\/wp-content\/uploads\/2019\/12\/2-01-scaled.jpg\" class=\"ls-l ls-img-layer\" alt=\"\" srcset=\"https:\/\/mail.manonunes.pt\/wp-content\/uploads\/2019\/12\/2-01-scaled.jpg 2560w, https:\/\/mail.manonunes.pt\/wp-content\/uploads\/2019\/12\/2-01-scaled-600x209.jpg 600w, https:\/\/mail.manonunes.pt\/wp-content\/uploads\/2019\/12\/2-01-300x105.jpg 300w, https:\/\/mail.manonunes.pt\/wp-content\/uploads\/2019\/12\/2-01-1024x357.jpg 1024w, https:\/\/mail.manonunes.pt\/wp-content\/uploads\/2019\/12\/2-01-768x268.jpg 768w, https:\/\/mail.manonunes.pt\/wp-content\/uploads\/2019\/12\/2-01-1536x536.jpg 1536w, https:\/\/mail.manonunes.pt\/wp-content\/uploads\/2019\/12\/2-01-2048x715.jpg 2048w, https:\/\/mail.manonunes.pt\/wp-content\/uploads\/2019\/12\/2-01-580x202.jpg 580w, https:\/\/mail.manonunes.pt\/wp-content\/uploads\/2019\/12\/2-01-820x286.jpg 820w, https:\/\/mail.manonunes.pt\/wp-content\/uploads\/2019\/12\/2-01-1160x405.jpg 1160w\" sizes=\"auto, (max-width: 2560px) 100vw, 2560px\" style=\"top:50%;left:50%;background-size:inherit;background-position:inherit;width:1928px;height:673px;font-size:13px;line-height:falsepx;\" data-ls=\"delayin:1000;position:relative;\"><img loading=\"lazy\" decoding=\"async\" width=\"2560\" height=\"893\" src=\"https:\/\/mail.manonunes.pt\/wp-content\/uploads\/2019\/12\/3-01-scaled.jpg\" class=\"ls-l ls-img-layer\" alt=\"\" srcset=\"https:\/\/mail.manonunes.pt\/wp-content\/uploads\/2019\/12\/3-01-scaled.jpg 2560w, https:\/\/mail.manonunes.pt\/wp-content\/uploads\/2019\/12\/3-01-scaled-600x209.jpg 600w, https:\/\/mail.manonunes.pt\/wp-content\/uploads\/2019\/12\/3-01-300x105.jpg 300w, https:\/\/mail.manonunes.pt\/wp-content\/uploads\/2019\/12\/3-01-1024x357.jpg 1024w, https:\/\/mail.manonunes.pt\/wp-content\/uploads\/2019\/12\/3-01-768x268.jpg 768w, https:\/\/mail.manonunes.pt\/wp-content\/uploads\/2019\/12\/3-01-1536x536.jpg 1536w, https:\/\/mail.manonunes.pt\/wp-content\/uploads\/2019\/12\/3-01-2048x715.jpg 2048w, https:\/\/mail.manonunes.pt\/wp-content\/uploads\/2019\/12\/3-01-580x202.jpg 580w, https:\/\/mail.manonunes.pt\/wp-content\/uploads\/2019\/12\/3-01-820x286.jpg 820w, https:\/\/mail.manonunes.pt\/wp-content\/uploads\/2019\/12\/3-01-1160x405.jpg 1160w\" sizes=\"auto, (max-width: 2560px) 100vw, 2560px\" style=\"top:50%;left:50%;background-size:inherit;background-position:inherit;width:1921px;height:670px;\" data-ls=\"delayin:2000;position:relative;\"><img loading=\"lazy\" decoding=\"async\" width=\"2560\" height=\"893\" src=\"https:\/\/mail.manonunes.pt\/wp-content\/uploads\/2019\/12\/4-01-scaled.jpg\" class=\"ls-l ls-img-layer\" alt=\"\" srcset=\"https:\/\/mail.manonunes.pt\/wp-content\/uploads\/2019\/12\/4-01-scaled.jpg 2560w, https:\/\/mail.manonunes.pt\/wp-content\/uploads\/2019\/12\/4-01-scaled-600x209.jpg 600w, https:\/\/mail.manonunes.pt\/wp-content\/uploads\/2019\/12\/4-01-300x105.jpg 300w, https:\/\/mail.manonunes.pt\/wp-content\/uploads\/2019\/12\/4-01-1024x357.jpg 1024w, https:\/\/mail.manonunes.pt\/wp-content\/uploads\/2019\/12\/4-01-768x268.jpg 768w, https:\/\/mail.manonunes.pt\/wp-content\/uploads\/2019\/12\/4-01-1536x536.jpg 1536w, https:\/\/mail.manonunes.pt\/wp-content\/uploads\/2019\/12\/4-01-2048x715.jpg 2048w, https:\/\/mail.manonunes.pt\/wp-content\/uploads\/2019\/12\/4-01-580x202.jpg 580w, https:\/\/mail.manonunes.pt\/wp-content\/uploads\/2019\/12\/4-01-820x286.jpg 820w, https:\/\/mail.manonunes.pt\/wp-content\/uploads\/2019\/12\/4-01-1160x405.jpg 1160w\" sizes=\"auto, (max-width: 2560px) 100vw, 2560px\" style=\"top:50%;left:50%;background-size:inherit;background-position:inherit;width:1921px;height:670px;\" data-ls=\"delayin:3000;position:relative;\"><img loading=\"lazy\" decoding=\"async\" width=\"2560\" height=\"893\" src=\"https:\/\/mail.manonunes.pt\/wp-content\/uploads\/2019\/12\/5-01-scaled.jpg\" class=\"ls-l ls-img-layer\" alt=\"\" srcset=\"https:\/\/mail.manonunes.pt\/wp-content\/uploads\/2019\/12\/5-01-scaled.jpg 2560w, https:\/\/mail.manonunes.pt\/wp-content\/uploads\/2019\/12\/5-01-scaled-600x209.jpg 600w, https:\/\/mail.manonunes.pt\/wp-content\/uploads\/2019\/12\/5-01-300x105.jpg 300w, https:\/\/mail.manonunes.pt\/wp-content\/uploads\/2019\/12\/5-01-1024x357.jpg 1024w, https:\/\/mail.manonunes.pt\/wp-content\/uploads\/2019\/12\/5-01-768x268.jpg 768w, https:\/\/mail.manonunes.pt\/wp-content\/uploads\/2019\/12\/5-01-1536x536.jpg 1536w, https:\/\/mail.manonunes.pt\/wp-content\/uploads\/2019\/12\/5-01-2048x715.jpg 2048w, https:\/\/mail.manonunes.pt\/wp-content\/uploads\/2019\/12\/5-01-580x202.jpg 580w, https:\/\/mail.manonunes.pt\/wp-content\/uploads\/2019\/12\/5-01-820x286.jpg 820w, https:\/\/mail.manonunes.pt\/wp-content\/uploads\/2019\/12\/5-01-1160x405.jpg 1160w\" sizes=\"auto, (max-width: 2560px) 100vw, 2560px\" style=\"top:50%;left:50%;background-size:inherit;background-position:inherit;width:1926px;height:672px;\" data-ls=\"delayin:4000;position:relative;\"><img loading=\"lazy\" decoding=\"async\" width=\"2560\" height=\"893\" src=\"https:\/\/mail.manonunes.pt\/wp-content\/uploads\/2019\/12\/6-01-scaled.jpg\" class=\"ls-l ls-img-layer\" alt=\"\" srcset=\"https:\/\/mail.manonunes.pt\/wp-content\/uploads\/2019\/12\/6-01-scaled.jpg 2560w, https:\/\/mail.manonunes.pt\/wp-content\/uploads\/2019\/12\/6-01-scaled-600x209.jpg 600w, https:\/\/mail.manonunes.pt\/wp-content\/uploads\/2019\/12\/6-01-300x105.jpg 300w, https:\/\/mail.manonunes.pt\/wp-content\/uploads\/2019\/12\/6-01-1024x357.jpg 1024w, https:\/\/mail.manonunes.pt\/wp-content\/uploads\/2019\/12\/6-01-768x268.jpg 768w, https:\/\/mail.manonunes.pt\/wp-content\/uploads\/2019\/12\/6-01-1536x536.jpg 1536w, https:\/\/mail.manonunes.pt\/wp-content\/uploads\/2019\/12\/6-01-2048x715.jpg 2048w, https:\/\/mail.manonunes.pt\/wp-content\/uploads\/2019\/12\/6-01-580x202.jpg 580w, https:\/\/mail.manonunes.pt\/wp-content\/uploads\/2019\/12\/6-01-820x286.jpg 820w, https:\/\/mail.manonunes.pt\/wp-content\/uploads\/2019\/12\/6-01-1160x405.jpg 1160w\" sizes=\"auto, (max-width: 2560px) 100vw, 2560px\" style=\"top:50%;left:50%;background-size:inherit;background-position:inherit;width:1926px;height:672px;\" data-ls=\"delayin:5000;position:relative;\"><img loading=\"lazy\" decoding=\"async\" width=\"2560\" height=\"893\" src=\"https:\/\/mail.manonunes.pt\/wp-content\/uploads\/2019\/12\/7-01-01-scaled.jpg\" class=\"ls-l ls-img-layer\" alt=\"\" srcset=\"https:\/\/mail.manonunes.pt\/wp-content\/uploads\/2019\/12\/7-01-01-scaled.jpg 2560w, https:\/\/mail.manonunes.pt\/wp-content\/uploads\/2019\/12\/7-01-01-scaled-600x209.jpg 600w, https:\/\/mail.manonunes.pt\/wp-content\/uploads\/2019\/12\/7-01-01-300x105.jpg 300w, https:\/\/mail.manonunes.pt\/wp-content\/uploads\/2019\/12\/7-01-01-1024x357.jpg 1024w, https:\/\/mail.manonunes.pt\/wp-content\/uploads\/2019\/12\/7-01-01-768x268.jpg 768w, https:\/\/mail.manonunes.pt\/wp-content\/uploads\/2019\/12\/7-01-01-1536x536.jpg 1536w, https:\/\/mail.manonunes.pt\/wp-content\/uploads\/2019\/12\/7-01-01-2048x715.jpg 2048w, https:\/\/mail.manonunes.pt\/wp-content\/uploads\/2019\/12\/7-01-01-580x202.jpg 580w, https:\/\/mail.manonunes.pt\/wp-content\/uploads\/2019\/12\/7-01-01-820x286.jpg 820w, https:\/\/mail.manonunes.pt\/wp-content\/uploads\/2019\/12\/7-01-01-1160x405.jpg 1160w\" sizes=\"auto, (max-width: 2560px) 100vw, 2560px\" style=\"top:50%;left:50%;background-size:inherit;background-position:inherit;width:1921px;height:670px;\" data-ls=\"delayin:6000;position:relative;\"><p style=\"top:271px;left:763px;background-size:inherit;background-position:inherit;font-size:31px;color:#8BC53F;font-family:Montserrat;letter-spacing:10px;\" class=\"ls-l ls-text-layer\" data-ls=\"delayin:7000;texttransitionin:true;texttypein:chars_asc;textstartatin:transitioninstart + 0;position:relative;\">SEMPRE COM A  NATUREZA<\/p><\/div><\/div><\/div>\n<\/div>\n<\/div>\n<\/div>\n<\/div>\n<\/div>\n<\/div>\n<div id=\"cmsms_row_69e3bcb353c40\" class=\"cmsms_row cmsms_color_scheme_default\">\n<div class=\"cmsms_row_outer_parent\">\n<div class=\"cmsms_row_outer\">\n<div class=\"cmsms_row_inner\">\n<div class=\"cmsms_row_margin\">\n<div class=\"cmsms_column two_third\">\n<div class=\"cmsms_slider\"><script type=\"text\/javascript\">jQuery(function() { _initLayerSlider( '#layerslider_7_i49ophk8qmbt', {sliderVersion: '6.10.0', responsiveUnder: 0, layersContainer: 0, slideBGSize: 'auto', startInViewport: false, skin: 'v5', sliderFadeInDuration: 350, useSrcset: true, skinsPath: 'https:\/\/mail.manonunes.pt\/wp-content\/plugins\/LayerSlider\/assets\/static\/layerslider\/skins\/', performanceMode: true}); });<\/script><div id=\"layerslider_7_i49ophk8qmbt\" class=\"ls-wp-container fitvidsignore\" style=\"width:1920px;height:1080px;margin:0 auto;margin-bottom: 0px;\"><div class=\"ls-slide\" data-ls=\"bgsize:cover;duration:28000;kenburnsscale:1.2;\"><div style=\"top:-1px;left:-7px;background-size:inherit;background-position:inherit;width:1932px;height:1084px;font-size:39px;\" class=\"ls-l ls-media-layer\" data-ls=\"controls:enabled;volume:0;muted:enabled;position:relative;\"><iframe width=\"560\" height=\"315\" frameborder=\"0\" allowfullscreen data-src=\"https:\/\/www.youtube.com\/embed\/YU67b_pYl28\"><\/iframe><\/div><\/div><\/div><\/div>\n<\/div>\n<div class=\"cmsms_column one_third\">\n<h1 id=\"cmsms_heading_69e3bcb35662f\" class=\"cmsms_heading\">About Jovagro<\/h1><div class=\"cmsms_text\">\n<p style=\"color: fff;\">A JOVAGRO &#8211; Produtos Agr\u00edcolas, S.A. \u00e9 uma marca nacional para o canal agr\u00edcola. Ap\u00f3s 40 anos de experi\u00eancia como distribuidor regional, a partir de 2014, come\u00e7ou o seu trajeto para cria\u00e7\u00e3o de valor e diferencia\u00e7\u00e3o associados \u00e0 marca Jovagro, que lhe permitem colmatar as necessidades do mercado agr\u00edcola nacional.<\/p>\n<p>In our expansion plan, Jovagro develops national distribution partnerships with manufacturers of zero residue, nutritional, plant protection and biocidal products, with the objective of constituting a differentiating and always high quality product portfolio.<\/p>\n<p>The organization, supported by an innovative technical and commercial structure that differs from the national panorama, provides the agricultural channel with a dynamic and permanent evolution, being prepared for the changes and challenges that agriculture will have to face.<\/p>\n<\/div>\n<\/div>\n<\/div>\n<\/div>\n<\/div>\n<\/div>\n<\/div>\n<div id=\"cmsms_row_69e3bcb3566a7\" class=\"cmsms_row cmsms_color_scheme_default\">\n<div class=\"cmsms_row_outer_parent\">\n<div class=\"cmsms_row_outer\">\n<div class=\"cmsms_row_inner\">\n<div class=\"cmsms_row_margin\">\n<div class=\"cmsms_column one_first\">\n<\/div>\n<\/div>\n<\/div>\n<\/div>\n<\/div>\n<\/div>","protected":false},"excerpt":{"rendered":"<style type=\"text\/css\"> \n#cmsms_row_69e3bcb357827 .cmsms_row_outer_parent { \n\tpadding-top: 50px; \n} <\/p>\n<p>#cmsms_row_69e3bcb357827 .cmsms_row_outer_parent { \n\tpadding-bottom: 50px; \n} <\/p>\n<p>#cmsms_row_69e3bcb357827 .cmsms_row_inner.cmsms_row_fullwidth { \n\tpadding-left:0%; \n} \n#cmsms_row_69e3bcb357827 .cmsms_row_inner.cmsms_row_fullwidth { \n\tpadding-right:0%; \n} \n<\/style>\n<div id=\"cmsms_row_69e3bcb357827\" class=\"cmsms_row cmsms_color_scheme_default\">\n<div class=\"cmsms_row_outer_parent\">\n<div class=\"cmsms_row_outer\">\n<div class=\"cmsms_row_inner cmsms_row_fullwidth\">\n<div class=\"cmsms_row_margin\">\n<\/div>\n<\/div>\n<\/div>\n<\/div>\n<\/div>\n<div class=\"cmsms_column one_first\">\n<\/div>\n<p><\/p>","protected":false},"author":1,"featured_media":0,"parent":0,"menu_order":0,"comment_status":"closed","ping_status":"closed","template":"","meta":{"_monsterinsights_skip_tracking":false,"_monsterinsights_sitenote_active":false,"_monsterinsights_sitenote_note":"","_monsterinsights_sitenote_category":0,"footnotes":""},"class_list":["post-3920","page","type-page","status-publish","hentry"],"yoast_head":"<!-- This site is optimized with the Yoast SEO plugin v27.4 - https:\/\/yoast.com\/product\/yoast-seo-wordpress\/ -->\n<title>Sobre n\u00f3s - Jovagro<\/title>\n<meta name=\"description\" content=\"A JOVAGRO \u2013 Produtos Agr\u00edcolas, S.A. \u00e9 uma marca nacional para o canal agr\u00edcola com 40 anos de experi\u00eancia como distribuidor em Portugal.\" \/>\n<meta name=\"robots\" content=\"index, follow, max-snippet:-1, max-image-preview:large, max-video-preview:-1\" \/>\n<link rel=\"canonical\" href=\"https:\/\/www.jovagro.pt\/quem-somos\/\" \/>\n<meta property=\"og:locale\" content=\"en_GB\" \/>\n<meta property=\"og:type\" content=\"article\" \/>\n<meta property=\"og:title\" content=\"Sobre n\u00f3s - Jovagro\" \/>\n<meta property=\"og:description\" content=\"A JOVAGRO \u2013 Produtos Agr\u00edcolas, S.A. \u00e9 uma marca nacional para o canal agr\u00edcola com 40 anos de experi\u00eancia como distribuidor em Portugal.\" \/>\n<meta property=\"og:url\" content=\"https:\/\/www.jovagro.pt\/quem-somos\/\" \/>\n<meta property=\"og:site_name\" content=\"Jovagro\" \/>\n<meta property=\"article:publisher\" content=\"https:\/\/www.facebook.com\/Jovagro\/\" \/>\n<meta property=\"article:modified_time\" content=\"2025-05-16T09:17:44+00:00\" \/>\n<meta name=\"twitter:card\" content=\"summary_large_image\" \/>\n<meta name=\"twitter:label1\" content=\"Estimated reading time\" \/>\n\t<meta name=\"twitter:data1\" content=\"1 minute\" \/>\n<script type=\"application\/ld+json\" class=\"yoast-schema-graph\">{\"@context\":\"https:\\\/\\\/schema.org\",\"@graph\":[{\"@type\":\"WebPage\",\"@id\":\"https:\\\/\\\/www.jovagro.pt\\\/quem-somos\\\/\",\"url\":\"https:\\\/\\\/www.jovagro.pt\\\/quem-somos\\\/\",\"name\":\"Sobre n\u00f3s - Jovagro\",\"isPartOf\":{\"@id\":\"https:\\\/\\\/www.jovagro.pt\\\/#website\"},\"datePublished\":\"2019-12-22T18:15:59+00:00\",\"dateModified\":\"2025-05-16T09:17:44+00:00\",\"description\":\"A JOVAGRO \u2013 Produtos Agr\u00edcolas, S.A. \u00e9 uma marca nacional para o canal agr\u00edcola com 40 anos de experi\u00eancia como distribuidor em Portugal.\",\"breadcrumb\":{\"@id\":\"https:\\\/\\\/www.jovagro.pt\\\/quem-somos\\\/#breadcrumb\"},\"inLanguage\":\"en-GB\",\"potentialAction\":[{\"@type\":\"ReadAction\",\"target\":[\"https:\\\/\\\/www.jovagro.pt\\\/quem-somos\\\/\"]}]},{\"@type\":\"BreadcrumbList\",\"@id\":\"https:\\\/\\\/www.jovagro.pt\\\/quem-somos\\\/#breadcrumb\",\"itemListElement\":[{\"@type\":\"ListItem\",\"position\":1,\"name\":\"Home\",\"item\":\"https:\\\/\\\/www.jovagro.pt\\\/\"},{\"@type\":\"ListItem\",\"position\":2,\"name\":\"Sobre n\u00f3s\"}]},{\"@type\":\"WebSite\",\"@id\":\"https:\\\/\\\/www.jovagro.pt\\\/#website\",\"url\":\"https:\\\/\\\/www.jovagro.pt\\\/\",\"name\":\"Jovagro\",\"description\":\"Sempre com a Natureza\",\"publisher\":{\"@id\":\"https:\\\/\\\/www.jovagro.pt\\\/#organization\"},\"potentialAction\":[{\"@type\":\"SearchAction\",\"target\":{\"@type\":\"EntryPoint\",\"urlTemplate\":\"https:\\\/\\\/www.jovagro.pt\\\/?s={search_term_string}\"},\"query-input\":{\"@type\":\"PropertyValueSpecification\",\"valueRequired\":true,\"valueName\":\"search_term_string\"}}],\"inLanguage\":\"en-GB\"},{\"@type\":\"Organization\",\"@id\":\"https:\\\/\\\/www.jovagro.pt\\\/#organization\",\"name\":\"Jovagro\",\"url\":\"https:\\\/\\\/www.jovagro.pt\\\/\",\"logo\":{\"@type\":\"ImageObject\",\"inLanguage\":\"en-GB\",\"@id\":\"https:\\\/\\\/www.jovagro.pt\\\/#\\\/schema\\\/logo\\\/image\\\/\",\"url\":\"https:\\\/\\\/jovagro.pt\\\/wp-content\\\/uploads\\\/2019\\\/12\\\/7-01-01-scaled.jpg\",\"contentUrl\":\"https:\\\/\\\/jovagro.pt\\\/wp-content\\\/uploads\\\/2019\\\/12\\\/7-01-01-scaled.jpg\",\"width\":2560,\"height\":893,\"caption\":\"Jovagro\"},\"image\":{\"@id\":\"https:\\\/\\\/www.jovagro.pt\\\/#\\\/schema\\\/logo\\\/image\\\/\"},\"sameAs\":[\"https:\\\/\\\/www.facebook.com\\\/Jovagro\\\/\"]}]}<\/script>\n<!-- \/ Yoast SEO plugin. -->","yoast_head_json":{"title":"Sobre n\u00f3s - Jovagro","description":"A JOVAGRO \u2013 Produtos Agr\u00edcolas, S.A. \u00e9 uma marca nacional para o canal agr\u00edcola com 40 anos de experi\u00eancia como distribuidor em Portugal.","robots":{"index":"index","follow":"follow","max-snippet":"max-snippet:-1","max-image-preview":"max-image-preview:large","max-video-preview":"max-video-preview:-1"},"canonical":"https:\/\/www.jovagro.pt\/quem-somos\/","og_locale":"en_GB","og_type":"article","og_title":"Sobre n\u00f3s - Jovagro","og_description":"A JOVAGRO \u2013 Produtos Agr\u00edcolas, S.A. \u00e9 uma marca nacional para o canal agr\u00edcola com 40 anos de experi\u00eancia como distribuidor em Portugal.","og_url":"https:\/\/www.jovagro.pt\/quem-somos\/","og_site_name":"Jovagro","article_publisher":"https:\/\/www.facebook.com\/Jovagro\/","article_modified_time":"2025-05-16T09:17:44+00:00","twitter_card":"summary_large_image","twitter_misc":{"Estimated reading time":"1 minute"},"schema":{"@context":"https:\/\/schema.org","@graph":[{"@type":"WebPage","@id":"https:\/\/www.jovagro.pt\/quem-somos\/","url":"https:\/\/www.jovagro.pt\/quem-somos\/","name":"Sobre n\u00f3s - Jovagro","isPartOf":{"@id":"https:\/\/www.jovagro.pt\/#website"},"datePublished":"2019-12-22T18:15:59+00:00","dateModified":"2025-05-16T09:17:44+00:00","description":"A JOVAGRO \u2013 Produtos Agr\u00edcolas, S.A. \u00e9 uma marca nacional para o canal agr\u00edcola com 40 anos de experi\u00eancia como distribuidor em Portugal.","breadcrumb":{"@id":"https:\/\/www.jovagro.pt\/quem-somos\/#breadcrumb"},"inLanguage":"en-GB","potentialAction":[{"@type":"ReadAction","target":["https:\/\/www.jovagro.pt\/quem-somos\/"]}]},{"@type":"BreadcrumbList","@id":"https:\/\/www.jovagro.pt\/quem-somos\/#breadcrumb","itemListElement":[{"@type":"ListItem","position":1,"name":"Home","item":"https:\/\/www.jovagro.pt\/"},{"@type":"ListItem","position":2,"name":"Sobre n\u00f3s"}]},{"@type":"WebSite","@id":"https:\/\/www.jovagro.pt\/#website","url":"https:\/\/www.jovagro.pt\/","name":"Jovagro","description":"Sempre com a Natureza","publisher":{"@id":"https:\/\/www.jovagro.pt\/#organization"},"potentialAction":[{"@type":"SearchAction","target":{"@type":"EntryPoint","urlTemplate":"https:\/\/www.jovagro.pt\/?s={search_term_string}"},"query-input":{"@type":"PropertyValueSpecification","valueRequired":true,"valueName":"search_term_string"}}],"inLanguage":"en-GB"},{"@type":"Organization","@id":"https:\/\/www.jovagro.pt\/#organization","name":"Jovagro","url":"https:\/\/www.jovagro.pt\/","logo":{"@type":"ImageObject","inLanguage":"en-GB","@id":"https:\/\/www.jovagro.pt\/#\/schema\/logo\/image\/","url":"https:\/\/jovagro.pt\/wp-content\/uploads\/2019\/12\/7-01-01-scaled.jpg","contentUrl":"https:\/\/jovagro.pt\/wp-content\/uploads\/2019\/12\/7-01-01-scaled.jpg","width":2560,"height":893,"caption":"Jovagro"},"image":{"@id":"https:\/\/www.jovagro.pt\/#\/schema\/logo\/image\/"},"sameAs":["https:\/\/www.facebook.com\/Jovagro\/"]}]}},"_links":{"self":[{"href":"https:\/\/mail.manonunes.pt\/en\/wp-json\/wp\/v2\/pages\/3920","targetHints":{"allow":["GET"]}}],"collection":[{"href":"https:\/\/mail.manonunes.pt\/en\/wp-json\/wp\/v2\/pages"}],"about":[{"href":"https:\/\/mail.manonunes.pt\/en\/wp-json\/wp\/v2\/types\/page"}],"author":[{"embeddable":true,"href":"https:\/\/mail.manonunes.pt\/en\/wp-json\/wp\/v2\/users\/1"}],"replies":[{"embeddable":true,"href":"https:\/\/mail.manonunes.pt\/en\/wp-json\/wp\/v2\/comments?post=3920"}],"version-history":[{"count":89,"href":"https:\/\/mail.manonunes.pt\/en\/wp-json\/wp\/v2\/pages\/3920\/revisions"}],"predecessor-version":[{"id":38400,"href":"https:\/\/mail.manonunes.pt\/en\/wp-json\/wp\/v2\/pages\/3920\/revisions\/38400"}],"wp:attachment":[{"href":"https:\/\/mail.manonunes.pt\/en\/wp-json\/wp\/v2\/media?parent=3920"}],"curies":[{"name":"wp","href":"https:\/\/api.w.org\/{rel}","templated":true}]}}