{"id":37739,"date":"2023-06-20T11:48:43","date_gmt":"2023-06-20T11:48:43","guid":{"rendered":"https:\/\/www.jovagro.pt\/?post_type=product&#038;p=37739"},"modified":"2025-04-22T13:42:34","modified_gmt":"2025-04-22T13:42:34","slug":"kugel-equisetum","status":"publish","type":"product","link":"https:\/\/mail.manonunes.pt\/en\/shop\/inovabio\/fungicidas-biologicos\/kugel-equisetum\/","title":{"rendered":"Kugel Equisetum\u00ae"},"content":{"rendered":"<style type=\"text\/css\"> \n#cmsms_row_69e3ee0e8c363 .cmsms_row_outer_parent { \n\tpadding-top: 0px; \n} \n\n#cmsms_row_69e3ee0e8c363 .cmsms_row_outer_parent { \n\tpadding-bottom: 50px; \n} \n\n<\/style><div id=\"cmsms_row_69e3ee0e8c363\" class=\"cmsms_row cmsms_color_scheme_default\">\n<div class=\"cmsms_row_outer_parent\">\n<div class=\"cmsms_row_outer\">\n<div class=\"cmsms_row_inner\">\n<div class=\"cmsms_row_margin\">\n<div class=\"cmsms_column one_first\">\n<div class=\"custom_html\">\n<table class=\"woocommerce-product-attributes shop_attributes\">\n<tbody>\n<tr class=\"woocommerce-product-attributes-item woocommerce-product-attributes-item--attribute_pa_aplicacao\">\n<th class=\"woocommerce-product-attributes-item__label\">Subst\u00e2ncia b\u00e1sica: Equisetum Arvense L.<\/th>\n<td class=\"woocommerce-product-attributes-item__value\"><\/td>\n<\/tr>\n<\/tbody>\n<\/table>\n<\/div>\n<\/div>\n<div class=\"cmsms_column one_first\">\n<p><\/p>\n<\/div>\n<\/div>\n<\/div>\n<\/div>\n<\/div>\n<\/div>","protected":false},"excerpt":{"rendered":"<p id=\"cmsms_heading_647df62110e5f\" class=\"cmsms_heading\"><span style=\"font-size: 16px; color: #808080;\">KUGEL\u00ae EQUISETUM fortalece os tecidos da planta inibindo o desenvolvimento de doen\u00e7as f\u00fangicas, m\u00edldio, o\u00eddio e podrid\u00e3o. 100% Extrato de cavalinha (o mais concentrado do mercado). Inibe o desenvolvimento de fungos a\u00e9reos. Atua por contato e tem um efeito anti-esporulante de a\u00e7\u00e3o preventiva e curativa.<\/span><\/p>\n<div class=\"cmsms_text\" style=\"position: absolute; bottom: 0;\">\n<h5><\/h5>\n<\/div>","protected":false},"featured_media":37882,"template":"","meta":{"_monsterinsights_skip_tracking":false,"_monsterinsights_sitenote_active":false,"_monsterinsights_sitenote_note":"","_monsterinsights_sitenote_category":0},"product_brand":[],"product_cat":[502],"product_tag":[],"class_list":{"0":"post-37739","1":"product","2":"type-product","3":"status-publish","4":"has-post-thumbnail","6":"product_cat-fungicidas-biologicos","8":"first","9":"instock","10":"taxable","11":"shipping-taxable","12":"purchasable","13":"product-type-variable"},"yoast_head":"<!-- This site is optimized with the Yoast SEO plugin v27.4 - https:\/\/yoast.com\/product\/yoast-seo-wordpress\/ -->\n<title>Kugel Equisetum\u00ae - Jovagro<\/title>\n<meta name=\"robots\" content=\"index, follow, max-snippet:-1, max-image-preview:large, max-video-preview:-1\" \/>\n<link rel=\"canonical\" href=\"https:\/\/mail.manonunes.pt\/en\/shop\/inovabio\/fungicidas-biologicos\/kugel-equisetum\/\" \/>\n<meta property=\"og:locale\" content=\"en_GB\" \/>\n<meta property=\"og:type\" content=\"article\" \/>\n<meta property=\"og:title\" content=\"Kugel Equisetum\u00ae - Jovagro\" \/>\n<meta property=\"og:description\" content=\"KUGEL\u00ae EQUISETUM fortalece os tecidos da planta inibindo o desenvolvimento de doen\u00e7as f\u00fangicas, m\u00edldio, o\u00eddio e podrid\u00e3o. 100% Extrato de cavalinha (o mais concentrado do mercado). Inibe o desenvolvimento de fungos a\u00e9reos. Atua por contato e tem um efeito anti-esporulante de a\u00e7\u00e3o preventiva e curativa.\" \/>\n<meta property=\"og:url\" content=\"https:\/\/mail.manonunes.pt\/en\/shop\/inovabio\/fungicidas-biologicos\/kugel-equisetum\/\" \/>\n<meta property=\"og:site_name\" content=\"Jovagro\" \/>\n<meta property=\"article:publisher\" content=\"https:\/\/www.facebook.com\/Jovagro\/\" \/>\n<meta property=\"article:modified_time\" content=\"2025-04-22T13:42:34+00:00\" \/>\n<meta property=\"og:image\" content=\"https:\/\/mail.manonunes.pt\/wp-content\/uploads\/2023\/12\/Kugel.png\" \/>\n\t<meta property=\"og:image:width\" content=\"626\" \/>\n\t<meta property=\"og:image:height\" content=\"626\" \/>\n\t<meta property=\"og:image:type\" content=\"image\/png\" \/>\n<meta name=\"twitter:card\" content=\"summary_large_image\" \/>\n<meta name=\"twitter:label1\" content=\"Estimated reading time\" \/>\n\t<meta name=\"twitter:data1\" content=\"1 minute\" \/>\n<script type=\"application\/ld+json\" class=\"yoast-schema-graph\">{\"@context\":\"https:\\\/\\\/schema.org\",\"@graph\":[{\"@type\":\"WebPage\",\"@id\":\"https:\\\/\\\/mail.manonunes.pt\\\/shop\\\/inovabio\\\/fungicidas-biologicos\\\/kugel-equisetum\\\/\",\"url\":\"https:\\\/\\\/mail.manonunes.pt\\\/shop\\\/inovabio\\\/fungicidas-biologicos\\\/kugel-equisetum\\\/\",\"name\":\"Kugel Equisetum\u00ae - Jovagro\",\"isPartOf\":{\"@id\":\"https:\\\/\\\/www.jovagro.pt\\\/#website\"},\"primaryImageOfPage\":{\"@id\":\"https:\\\/\\\/mail.manonunes.pt\\\/shop\\\/inovabio\\\/fungicidas-biologicos\\\/kugel-equisetum\\\/#primaryimage\"},\"image\":{\"@id\":\"https:\\\/\\\/mail.manonunes.pt\\\/shop\\\/inovabio\\\/fungicidas-biologicos\\\/kugel-equisetum\\\/#primaryimage\"},\"thumbnailUrl\":\"https:\\\/\\\/mail.manonunes.pt\\\/wp-content\\\/uploads\\\/2023\\\/12\\\/Kugel.png\",\"datePublished\":\"2023-06-20T11:48:43+00:00\",\"dateModified\":\"2025-04-22T13:42:34+00:00\",\"breadcrumb\":{\"@id\":\"https:\\\/\\\/mail.manonunes.pt\\\/shop\\\/inovabio\\\/fungicidas-biologicos\\\/kugel-equisetum\\\/#breadcrumb\"},\"inLanguage\":\"en-GB\",\"potentialAction\":[{\"@type\":\"ReadAction\",\"target\":[\"https:\\\/\\\/mail.manonunes.pt\\\/shop\\\/inovabio\\\/fungicidas-biologicos\\\/kugel-equisetum\\\/\"]}]},{\"@type\":\"ImageObject\",\"inLanguage\":\"en-GB\",\"@id\":\"https:\\\/\\\/mail.manonunes.pt\\\/shop\\\/inovabio\\\/fungicidas-biologicos\\\/kugel-equisetum\\\/#primaryimage\",\"url\":\"https:\\\/\\\/mail.manonunes.pt\\\/wp-content\\\/uploads\\\/2023\\\/12\\\/Kugel.png\",\"contentUrl\":\"https:\\\/\\\/mail.manonunes.pt\\\/wp-content\\\/uploads\\\/2023\\\/12\\\/Kugel.png\",\"width\":626,\"height\":626},{\"@type\":\"BreadcrumbList\",\"@id\":\"https:\\\/\\\/mail.manonunes.pt\\\/shop\\\/inovabio\\\/fungicidas-biologicos\\\/kugel-equisetum\\\/#breadcrumb\",\"itemListElement\":[{\"@type\":\"ListItem\",\"position\":1,\"name\":\"Home\",\"item\":\"https:\\\/\\\/www.jovagro.pt\\\/\"},{\"@type\":\"ListItem\",\"position\":2,\"name\":\"Loja\",\"item\":\"https:\\\/\\\/www.jovagro.pt\\\/loja\\\/\"},{\"@type\":\"ListItem\",\"position\":3,\"name\":\"Kugel Equisetum\u00ae\"}]},{\"@type\":\"WebSite\",\"@id\":\"https:\\\/\\\/www.jovagro.pt\\\/#website\",\"url\":\"https:\\\/\\\/www.jovagro.pt\\\/\",\"name\":\"Jovagro\",\"description\":\"Sempre com a Natureza\",\"publisher\":{\"@id\":\"https:\\\/\\\/www.jovagro.pt\\\/#organization\"},\"potentialAction\":[{\"@type\":\"SearchAction\",\"target\":{\"@type\":\"EntryPoint\",\"urlTemplate\":\"https:\\\/\\\/www.jovagro.pt\\\/?s={search_term_string}\"},\"query-input\":{\"@type\":\"PropertyValueSpecification\",\"valueRequired\":true,\"valueName\":\"search_term_string\"}}],\"inLanguage\":\"en-GB\"},{\"@type\":\"Organization\",\"@id\":\"https:\\\/\\\/www.jovagro.pt\\\/#organization\",\"name\":\"Jovagro\",\"url\":\"https:\\\/\\\/www.jovagro.pt\\\/\",\"logo\":{\"@type\":\"ImageObject\",\"inLanguage\":\"en-GB\",\"@id\":\"https:\\\/\\\/www.jovagro.pt\\\/#\\\/schema\\\/logo\\\/image\\\/\",\"url\":\"https:\\\/\\\/jovagro.pt\\\/wp-content\\\/uploads\\\/2019\\\/12\\\/7-01-01-scaled.jpg\",\"contentUrl\":\"https:\\\/\\\/jovagro.pt\\\/wp-content\\\/uploads\\\/2019\\\/12\\\/7-01-01-scaled.jpg\",\"width\":2560,\"height\":893,\"caption\":\"Jovagro\"},\"image\":{\"@id\":\"https:\\\/\\\/www.jovagro.pt\\\/#\\\/schema\\\/logo\\\/image\\\/\"},\"sameAs\":[\"https:\\\/\\\/www.facebook.com\\\/Jovagro\\\/\"]}]}<\/script>\n<!-- \/ Yoast SEO plugin. -->","yoast_head_json":{"title":"Kugel Equisetum\u00ae - Jovagro","robots":{"index":"index","follow":"follow","max-snippet":"max-snippet:-1","max-image-preview":"max-image-preview:large","max-video-preview":"max-video-preview:-1"},"canonical":"https:\/\/mail.manonunes.pt\/en\/shop\/inovabio\/fungicidas-biologicos\/kugel-equisetum\/","og_locale":"en_GB","og_type":"article","og_title":"Kugel Equisetum\u00ae - Jovagro","og_description":"KUGEL\u00ae EQUISETUM fortalece os tecidos da planta inibindo o desenvolvimento de doen\u00e7as f\u00fangicas, m\u00edldio, o\u00eddio e podrid\u00e3o. 100% Extrato de cavalinha (o mais concentrado do mercado). Inibe o desenvolvimento de fungos a\u00e9reos. Atua por contato e tem um efeito anti-esporulante de a\u00e7\u00e3o preventiva e curativa.","og_url":"https:\/\/mail.manonunes.pt\/en\/shop\/inovabio\/fungicidas-biologicos\/kugel-equisetum\/","og_site_name":"Jovagro","article_publisher":"https:\/\/www.facebook.com\/Jovagro\/","article_modified_time":"2025-04-22T13:42:34+00:00","og_image":[{"width":626,"height":626,"url":"https:\/\/mail.manonunes.pt\/wp-content\/uploads\/2023\/12\/Kugel.png","type":"image\/png"}],"twitter_card":"summary_large_image","twitter_misc":{"Estimated reading time":"1 minute"},"schema":{"@context":"https:\/\/schema.org","@graph":[{"@type":"WebPage","@id":"https:\/\/mail.manonunes.pt\/shop\/inovabio\/fungicidas-biologicos\/kugel-equisetum\/","url":"https:\/\/mail.manonunes.pt\/shop\/inovabio\/fungicidas-biologicos\/kugel-equisetum\/","name":"Kugel Equisetum\u00ae - Jovagro","isPartOf":{"@id":"https:\/\/www.jovagro.pt\/#website"},"primaryImageOfPage":{"@id":"https:\/\/mail.manonunes.pt\/shop\/inovabio\/fungicidas-biologicos\/kugel-equisetum\/#primaryimage"},"image":{"@id":"https:\/\/mail.manonunes.pt\/shop\/inovabio\/fungicidas-biologicos\/kugel-equisetum\/#primaryimage"},"thumbnailUrl":"https:\/\/mail.manonunes.pt\/wp-content\/uploads\/2023\/12\/Kugel.png","datePublished":"2023-06-20T11:48:43+00:00","dateModified":"2025-04-22T13:42:34+00:00","breadcrumb":{"@id":"https:\/\/mail.manonunes.pt\/shop\/inovabio\/fungicidas-biologicos\/kugel-equisetum\/#breadcrumb"},"inLanguage":"en-GB","potentialAction":[{"@type":"ReadAction","target":["https:\/\/mail.manonunes.pt\/shop\/inovabio\/fungicidas-biologicos\/kugel-equisetum\/"]}]},{"@type":"ImageObject","inLanguage":"en-GB","@id":"https:\/\/mail.manonunes.pt\/shop\/inovabio\/fungicidas-biologicos\/kugel-equisetum\/#primaryimage","url":"https:\/\/mail.manonunes.pt\/wp-content\/uploads\/2023\/12\/Kugel.png","contentUrl":"https:\/\/mail.manonunes.pt\/wp-content\/uploads\/2023\/12\/Kugel.png","width":626,"height":626},{"@type":"BreadcrumbList","@id":"https:\/\/mail.manonunes.pt\/shop\/inovabio\/fungicidas-biologicos\/kugel-equisetum\/#breadcrumb","itemListElement":[{"@type":"ListItem","position":1,"name":"Home","item":"https:\/\/www.jovagro.pt\/"},{"@type":"ListItem","position":2,"name":"Loja","item":"https:\/\/www.jovagro.pt\/loja\/"},{"@type":"ListItem","position":3,"name":"Kugel Equisetum\u00ae"}]},{"@type":"WebSite","@id":"https:\/\/www.jovagro.pt\/#website","url":"https:\/\/www.jovagro.pt\/","name":"Jovagro","description":"Sempre com a Natureza","publisher":{"@id":"https:\/\/www.jovagro.pt\/#organization"},"potentialAction":[{"@type":"SearchAction","target":{"@type":"EntryPoint","urlTemplate":"https:\/\/www.jovagro.pt\/?s={search_term_string}"},"query-input":{"@type":"PropertyValueSpecification","valueRequired":true,"valueName":"search_term_string"}}],"inLanguage":"en-GB"},{"@type":"Organization","@id":"https:\/\/www.jovagro.pt\/#organization","name":"Jovagro","url":"https:\/\/www.jovagro.pt\/","logo":{"@type":"ImageObject","inLanguage":"en-GB","@id":"https:\/\/www.jovagro.pt\/#\/schema\/logo\/image\/","url":"https:\/\/jovagro.pt\/wp-content\/uploads\/2019\/12\/7-01-01-scaled.jpg","contentUrl":"https:\/\/jovagro.pt\/wp-content\/uploads\/2019\/12\/7-01-01-scaled.jpg","width":2560,"height":893,"caption":"Jovagro"},"image":{"@id":"https:\/\/www.jovagro.pt\/#\/schema\/logo\/image\/"},"sameAs":["https:\/\/www.facebook.com\/Jovagro\/"]}]}},"_links":{"self":[{"href":"https:\/\/mail.manonunes.pt\/en\/wp-json\/wp\/v2\/product\/37739","targetHints":{"allow":["GET"]}}],"collection":[{"href":"https:\/\/mail.manonunes.pt\/en\/wp-json\/wp\/v2\/product"}],"about":[{"href":"https:\/\/mail.manonunes.pt\/en\/wp-json\/wp\/v2\/types\/product"}],"wp:featuredmedia":[{"embeddable":true,"href":"https:\/\/mail.manonunes.pt\/en\/wp-json\/wp\/v2\/media\/37882"}],"wp:attachment":[{"href":"https:\/\/mail.manonunes.pt\/en\/wp-json\/wp\/v2\/media?parent=37739"}],"wp:term":[{"taxonomy":"product_brand","embeddable":true,"href":"https:\/\/mail.manonunes.pt\/en\/wp-json\/wp\/v2\/product_brand?post=37739"},{"taxonomy":"product_cat","embeddable":true,"href":"https:\/\/mail.manonunes.pt\/en\/wp-json\/wp\/v2\/product_cat?post=37739"},{"taxonomy":"product_tag","embeddable":true,"href":"https:\/\/mail.manonunes.pt\/en\/wp-json\/wp\/v2\/product_tag?post=37739"}],"curies":[{"name":"wp","href":"https:\/\/api.w.org\/{rel}","templated":true}]}}